{"id":359,"date":"2023-08-01T19:59:01","date_gmt":"2023-08-01T19:59:01","guid":{"rendered":"http:\/\/gphnutrition.com\/?product=dymatize-iso-100-protein-3-lbs"},"modified":"2023-08-01T19:59:01","modified_gmt":"2023-08-01T19:59:01","slug":"dymatize-iso-100-protein-3-lbs","status":"publish","type":"product","link":"https:\/\/gphnutrition.com\/?product=dymatize-iso-100-protein-3-lbs","title":{"rendered":"DYMATIZE ISO 100 PROTEIN 3 LBS"},"content":{"rendered":"","protected":false},"excerpt":{"rendered":"<p>ISO 100 de 1.6lb, de 3lb y de 5lb; es una prote\u00edna de suero de DYMATIZE ha sido procesa- da para llegar a la perfecci\u00f3n, 100% hidrolizada e instant\u00e1- nea y a trav\u00e9s de 5 controles<\/p>\n","protected":false},"featured_media":358,"comment_status":"open","ping_status":"closed","template":"","meta":{"_joinchat":[]},"product_brand":[],"product_cat":[429,409],"product_tag":[],"class_list":{"0":"post-359","1":"product","2":"type-product","3":"status-publish","4":"has-post-thumbnail","6":"product_cat-iso","7":"product_cat-proteinas-suplementos","9":"first","10":"outofstock","11":"shipping-taxable","12":"purchasable","13":"product-type-simple"},"_links":{"self":[{"href":"https:\/\/gphnutrition.com\/index.php?rest_route=\/wp\/v2\/product\/359","targetHints":{"allow":["GET"]}}],"collection":[{"href":"https:\/\/gphnutrition.com\/index.php?rest_route=\/wp\/v2\/product"}],"about":[{"href":"https:\/\/gphnutrition.com\/index.php?rest_route=\/wp\/v2\/types\/product"}],"replies":[{"embeddable":true,"href":"https:\/\/gphnutrition.com\/index.php?rest_route=%2Fwp%2Fv2%2Fcomments&post=359"}],"wp:featuredmedia":[{"embeddable":true,"href":"https:\/\/gphnutrition.com\/index.php?rest_route=\/wp\/v2\/media\/358"}],"wp:attachment":[{"href":"https:\/\/gphnutrition.com\/index.php?rest_route=%2Fwp%2Fv2%2Fmedia&parent=359"}],"wp:term":[{"taxonomy":"product_brand","embeddable":true,"href":"https:\/\/gphnutrition.com\/index.php?rest_route=%2Fwp%2Fv2%2Fproduct_brand&post=359"},{"taxonomy":"product_cat","embeddable":true,"href":"https:\/\/gphnutrition.com\/index.php?rest_route=%2Fwp%2Fv2%2Fproduct_cat&post=359"},{"taxonomy":"product_tag","embeddable":true,"href":"https:\/\/gphnutrition.com\/index.php?rest_route=%2Fwp%2Fv2%2Fproduct_tag&post=359"}],"curies":[{"name":"wp","href":"https:\/\/api.w.org\/{rel}","templated":true}]}}